{"id":6043,"date":"2025-07-14T13:45:47","date_gmt":"2025-07-14T11:45:47","guid":{"rendered":"https:\/\/4t8avocats.eu\/?page_id=6043"},"modified":"2025-07-14T13:48:32","modified_gmt":"2025-07-14T11:48:32","slug":"politique-de-confidentialite","status":"publish","type":"page","link":"https:\/\/4t8avocats.eu\/it\/politique-de-confidentialite\/","title":{"rendered":"POLITIQUE DE CONFIDENTIALIT\u00c9"},"content":{"rendered":"<div data-elementor-type=\"wp-page\" data-elementor-id=\"6043\" class=\"elementor elementor-6043\" data-elementor-post-type=\"page\">\n\t\t\t\t<div class=\"elementor-element elementor-element-f48ff25 e-flex e-con-boxed e-con e-parent\" data-id=\"f48ff25\" data-element_type=\"container\">\n\t\t\t\t\t<div class=\"e-con-inner\">\n\t\t\t\t<div class=\"elementor-element elementor-element-803ab98 elementor-invisible elementor-widget elementor-widget-text-editor\" data-id=\"803ab98\" data-element_type=\"widget\" data-settings=\"{&quot;motion_fx_motion_fx_scrolling&quot;:&quot;yes&quot;,&quot;motion_fx_translateY_effect&quot;:&quot;yes&quot;,&quot;motion_fx_translateY_speed&quot;:{&quot;unit&quot;:&quot;px&quot;,&quot;size&quot;:2,&quot;sizes&quot;:[]},&quot;_animation&quot;:&quot;fadeIn&quot;,&quot;motion_fx_translateY_affectedRange&quot;:{&quot;unit&quot;:&quot;%&quot;,&quot;size&quot;:&quot;&quot;,&quot;sizes&quot;:{&quot;start&quot;:0,&quot;end&quot;:100}},&quot;motion_fx_devices&quot;:[&quot;desktop&quot;,&quot;tablet&quot;,&quot;mobile&quot;]}\" data-widget_type=\"text-editor.default\">\n\t\t\t\t\t\t\t\t\t<p><span style=\"font-weight: 400;\">Politique de confidentialit\u00e9<\/span><\/p>\t\t\t\t\t\t\t\t<\/div>\n\t\t\t\t\t<\/div>\n\t\t\t\t<\/div>\n\t\t<div class=\"elementor-element elementor-element-28ed3ef e-con-full e-flex elementor-invisible e-con e-parent\" data-id=\"28ed3ef\" data-element_type=\"container\" data-settings=\"{&quot;animation&quot;:&quot;fadeIn&quot;}\">\n\t\t<div class=\"elementor-element elementor-element-9f68763 e-con-full e-flex e-con e-child\" data-id=\"9f68763\" data-element_type=\"container\">\n\t\t\t\t<div class=\"elementor-element elementor-element-ec2ebcb elementor-widget elementor-widget-text-editor\" data-id=\"ec2ebcb\" data-element_type=\"widget\" data-settings=\"{&quot;motion_fx_motion_fx_scrolling&quot;:&quot;yes&quot;,&quot;motion_fx_translateY_effect&quot;:&quot;yes&quot;,&quot;motion_fx_translateY_speed&quot;:{&quot;unit&quot;:&quot;px&quot;,&quot;size&quot;:2,&quot;sizes&quot;:[]},&quot;motion_fx_translateY_affectedRange&quot;:{&quot;unit&quot;:&quot;%&quot;,&quot;size&quot;:&quot;&quot;,&quot;sizes&quot;:{&quot;start&quot;:0,&quot;end&quot;:100}},&quot;motion_fx_devices&quot;:[&quot;desktop&quot;,&quot;tablet&quot;,&quot;mobile&quot;]}\" data-widget_type=\"text-editor.default\">\n\t\t\t\t\t\t\t\t\t<p>Derni\u00e8re mise \u00e0 jour : juin 2025<\/p><p>Le pr\u00e9sent site internet est \u00e9dit\u00e9 par la SARL 4T8, Cabinet de Ma\u00eetre Manuela de Ravel d\u2019Esclapon, soci\u00e9t\u00e9 \u00e0 responsabilit\u00e9 limit\u00e9e au capital social non communiqu\u00e9, immatricul\u00e9e au RCS sous le num\u00e9ro 834 439 960, dont le si\u00e8ge social est situ\u00e9 1, rue du travail, 67000 Strasbourg (France).<\/p><p><br \/><strong>1. Responsable du traitement<\/strong><br \/>Le responsable du traitement est :<br \/>Ma\u00eetre Manuela de Ravel d\u2019Esclapon<br \/>Mail : manueladeravel@mreavocat.com<br \/>T\u00e9l\u00e9phone : 07 69 98 42 54<\/p><p><br \/><strong>2. Donn\u00e9es collect\u00e9es<\/strong><br \/>Le site ne collecte pas de donn\u00e9es personnelles via des formulaires.<br \/>Les seules donn\u00e9es \u00e9ventuellement collect\u00e9es le sont \u00e0 travers :<br \/>Les cookies de mesure d\u2019audience (Google Analytics)\u2028\u2028<br \/>Les pr\u00e9f\u00e9rences de navigation, g\u00e9r\u00e9es via l\u2019outil de gestion des cookies Complianz\u2028\u2028<\/p><p><br \/><strong>3. Finalit\u00e9s du traitement<\/strong><br \/>Les donn\u00e9es collect\u00e9es sont utilis\u00e9es uniquement \u00e0 des fins de :<br \/>Mesure d\u2019audience et statistiques anonymes (pages vues, temps de navigation, etc.)\u2028\u2028<br \/>Am\u00e9lioration du fonctionnement technique du site\u2028\u2028<br \/>Aucune donn\u00e9e n\u2019est utilis\u00e9e \u00e0 des fins commerciales ou transmises \u00e0 des tiers, en dehors des services n\u00e9cessaires au bon fonctionnement du site (Google Analytics).<\/p><p><br \/><strong>4. Base l\u00e9gale du traitement<\/strong><br \/>Les traitements r\u00e9alis\u00e9s sur ce site sont fond\u00e9s sur :<br \/>Le consentement de l\u2019utilisateur pour le d\u00e9p\u00f4t de cookies\u2028\u2028<br \/>L\u2019int\u00e9r\u00eat l\u00e9gitime du responsable de traitement pour garantir la s\u00e9curit\u00e9 et l\u2019am\u00e9lioration du site\u2028\u2028<\/p><p><br \/><strong>5. Dur\u00e9e de conservation des donn\u00e9es<\/strong><br \/>Les donn\u00e9es collect\u00e9es via Google Analytics sont conserv\u00e9es pendant une dur\u00e9e maximale de 13 mois.<br \/>Aucune autre donn\u00e9e personnelle n\u2019est stock\u00e9e ou archiv\u00e9e.<\/p><p><br \/><strong>6. Destinataires des donn\u00e9es<\/strong><br \/>Les donn\u00e9es sont exclusivement destin\u00e9es \u00e0 :<br \/>L\u2019\u00e9diteur du site\u2028\u2028<br \/>Le service Google Analytics (Google Ireland Limited)\u2028\u2028<br \/>Aucune donn\u00e9e personnelle n\u2019est communiqu\u00e9e \u00e0 des partenaires commerciaux.<\/p><p><br \/><strong>7. Transferts hors Union europ\u00e9enne<\/strong><br \/>Certaines donn\u00e9es peuvent \u00eatre transf\u00e9r\u00e9es en dehors de l\u2019Union europ\u00e9enne, notamment aux \u00c9tats-Unis, via l\u2019usage de Google Analytics.<br \/>Google s\u2019engage \u00e0 respecter les clauses contractuelles types de la Commission europ\u00e9enne et propose des garanties suppl\u00e9mentaires :<br \/>\ud83d\udd17 <a href=\"https:\/\/policies.google.com\/privacy\">Politique de confidentialit\u00e9 de Google<\/a><\/p><p><br \/><strong>8. Cookies<\/strong><br \/>Un bandeau de gestion des cookies s\u2019affiche lors de la premi\u00e8re visite.<br \/>L\u2019utilisateur peut modifier ou retirer son consentement \u00e0 tout moment en cliquant sur le lien \u00ab Gestion des cookies \u00bb en bas de page.<br \/>Les cookies utilis\u00e9s sont principalement :<br \/>Des cookies techniques indispensables\u2028\u2028<br \/>Des cookies de mesure d\u2019audience anonymes (Google Analytics)\u2028\u2028<\/p><p><br \/><strong>9. Droits des utilisateurs<\/strong><br \/>Conform\u00e9ment au R\u00e8glement g\u00e9n\u00e9ral sur la protection des donn\u00e9es (RGPD), vous disposez des droits suivants :<br \/>Droit d\u2019acc\u00e8s \u00e0 vos donn\u00e9es\u2028\u2028<br \/>Droit de rectification\u2028\u2028<br \/>Droit d\u2019effacement\u2028\u2028<br \/>Droit de limitation du traitement\u2028\u2028<br \/>Droit d\u2019opposition au traitement\u2028\u2028<br \/>Droit \u00e0 la portabilit\u00e9\u2028\u2028<br \/>Droit d\u2019introduire une r\u00e9clamation aupr\u00e8s de la CNIL (www.cnil.fr)\u2028\u2028<br \/>Pour exercer ces droits, vous pouvez \u00e9crire \u00e0 l\u2019adresse suivante : manueladeravel@mreavocat.com<\/p>\t\t\t\t\t\t\t\t<\/div>\n\t\t\t\t<div class=\"elementor-element elementor-element-ec1d5f4 elementor-align-left elementor-widget elementor-widget-button\" data-id=\"ec1d5f4\" data-element_type=\"widget\" data-settings=\"{&quot;motion_fx_motion_fx_scrolling&quot;:&quot;yes&quot;,&quot;motion_fx_translateY_effect&quot;:&quot;yes&quot;,&quot;motion_fx_translateY_speed&quot;:{&quot;unit&quot;:&quot;px&quot;,&quot;size&quot;:2,&quot;sizes&quot;:[]},&quot;motion_fx_translateY_affectedRange&quot;:{&quot;unit&quot;:&quot;%&quot;,&quot;size&quot;:&quot;&quot;,&quot;sizes&quot;:{&quot;start&quot;:0,&quot;end&quot;:100}},&quot;motion_fx_devices&quot;:[&quot;desktop&quot;,&quot;tablet&quot;,&quot;mobile&quot;]}\" data-widget_type=\"button.default\">\n\t\t\t\t\t\t\t\t\t\t<a class=\"elementor-button elementor-button-link elementor-size-sm\" href=\"https:\/\/4t8avocats.eu\/it\/contact\/\">\n\t\t\t\t\t\t<span class=\"elementor-button-content-wrapper\">\n\t\t\t\t\t\t\t\t\t<span class=\"elementor-button-text\">Contact<\/span>\n\t\t\t\t\t<\/span>\n\t\t\t\t\t<\/a>\n\t\t\t\t\t\t\t\t<\/div>\n\t\t\t\t<\/div>\n\t\t\t\t<\/div>\n\t\t\t\t<\/div>","protected":false},"excerpt":{"rendered":"<p>Politique de confidentialit\u00e9 Derni\u00e8re mise \u00e0 jour : juin 2025 Le pr\u00e9sent site internet est \u00e9dit\u00e9 par la SARL 4T8, [&hellip;]<\/p>","protected":false},"author":2,"featured_media":0,"parent":0,"menu_order":0,"comment_status":"closed","ping_status":"closed","template":"","meta":{"site-sidebar-layout":"no-sidebar","site-content-layout":"","ast-site-content-layout":"full-width-container","site-content-style":"default","site-sidebar-style":"default","ast-global-header-display":"","ast-banner-title-visibility":"","ast-main-header-display":"","ast-hfb-above-header-display":"","ast-hfb-below-header-display":"","ast-hfb-mobile-header-display":"","site-post-title":"disabled","ast-breadcrumbs-content":"","ast-featured-img":"disabled","footer-sml-layout":"","theme-transparent-header-meta":"","adv-header-id-meta":"","stick-header-meta":"","header-above-stick-meta":"","header-main-stick-meta":"","header-below-stick-meta":"","astra-migrate-meta-layouts":"default","ast-page-background-enabled":"default","ast-page-background-meta":{"desktop":{"background-color":"var(--ast-global-color-5)","background-image":"","background-repeat":"repeat","background-position":"center center","background-size":"auto","background-attachment":"scroll","background-type":"","background-media":"","overlay-type":"","overlay-color":"","overlay-opacity":"","overlay-gradient":""},"tablet":{"background-color":"","background-image":"","background-repeat":"repeat","background-position":"center center","background-size":"auto","background-attachment":"scroll","background-type":"","background-media":"","overlay-type":"","overlay-color":"","overlay-opacity":"","overlay-gradient":""},"mobile":{"background-color":"","background-image":"","background-repeat":"repeat","background-position":"center center","background-size":"auto","background-attachment":"scroll","background-type":"","background-media":"","overlay-type":"","overlay-color":"","overlay-opacity":"","overlay-gradient":""}},"ast-content-background-meta":{"desktop":{"background-color":"var(--ast-global-color-4)","background-image":"","background-repeat":"repeat","background-position":"center center","background-size":"auto","background-attachment":"scroll","background-type":"","background-media":"","overlay-type":"","overlay-color":"","overlay-opacity":"","overlay-gradient":""},"tablet":{"background-color":"var(--ast-global-color-4)","background-image":"","background-repeat":"repeat","background-position":"center center","background-size":"auto","background-attachment":"scroll","background-type":"","background-media":"","overlay-type":"","overlay-color":"","overlay-opacity":"","overlay-gradient":""},"mobile":{"background-color":"var(--ast-global-color-4)","background-image":"","background-repeat":"repeat","background-position":"center center","background-size":"auto","background-attachment":"scroll","background-type":"","background-media":"","overlay-type":"","overlay-color":"","overlay-opacity":"","overlay-gradient":""}},"footnotes":""},"class_list":["post-6043","page","type-page","status-publish","hentry"],"yoast_head":"<!-- This site is optimized with the Yoast SEO plugin v26.8 - https:\/\/yoast.com\/product\/yoast-seo-wordpress\/ -->\n<title>POLITIQUE DE CONFIDENTIALIT\u00c9 - 4T8 Avocats<\/title>\n<meta name=\"robots\" content=\"index, follow, max-snippet:-1, max-image-preview:large, max-video-preview:-1\" \/>\n<link rel=\"canonical\" href=\"https:\/\/4t8avocats.eu\/it\/politique-de-confidentialite\/\" \/>\n<meta property=\"og:locale\" content=\"it_IT\" \/>\n<meta property=\"og:type\" content=\"article\" \/>\n<meta property=\"og:title\" content=\"POLITIQUE DE CONFIDENTIALIT\u00c9 - 4T8 Avocats\" \/>\n<meta property=\"og:description\" content=\"Politique de confidentialit\u00e9 Derni\u00e8re mise \u00e0 jour : juin 2025 Le pr\u00e9sent site internet est \u00e9dit\u00e9 par la SARL 4T8, [&hellip;]\" \/>\n<meta property=\"og:url\" content=\"https:\/\/4t8avocats.eu\/it\/politique-de-confidentialite\/\" \/>\n<meta property=\"og:site_name\" content=\"4T8 Avocats\" \/>\n<meta property=\"article:modified_time\" content=\"2025-07-14T11:48:32+00:00\" \/>\n<meta name=\"twitter:card\" content=\"summary_large_image\" \/>\n<meta name=\"twitter:label1\" content=\"Tempo di lettura stimato\" \/>\n\t<meta name=\"twitter:data1\" content=\"3 minuti\" \/>\n<script type=\"application\/ld+json\" class=\"yoast-schema-graph\">{\"@context\":\"https:\/\/schema.org\",\"@graph\":[{\"@type\":\"WebPage\",\"@id\":\"https:\/\/4t8avocats.eu\/politique-de-confidentialite\/\",\"url\":\"https:\/\/4t8avocats.eu\/politique-de-confidentialite\/\",\"name\":\"POLITIQUE DE CONFIDENTIALIT\u00c9 - 4T8 Avocats\",\"isPartOf\":{\"@id\":\"https:\/\/4t8avocats.eu\/#website\"},\"datePublished\":\"2025-07-14T11:45:47+00:00\",\"dateModified\":\"2025-07-14T11:48:32+00:00\",\"breadcrumb\":{\"@id\":\"https:\/\/4t8avocats.eu\/politique-de-confidentialite\/#breadcrumb\"},\"inLanguage\":\"it-IT\",\"potentialAction\":[{\"@type\":\"ReadAction\",\"target\":[\"https:\/\/4t8avocats.eu\/politique-de-confidentialite\/\"]}]},{\"@type\":\"BreadcrumbList\",\"@id\":\"https:\/\/4t8avocats.eu\/politique-de-confidentialite\/#breadcrumb\",\"itemListElement\":[{\"@type\":\"ListItem\",\"position\":1,\"name\":\"Accueil\",\"item\":\"https:\/\/4t8avocats.eu\/\"},{\"@type\":\"ListItem\",\"position\":2,\"name\":\"POLITIQUE DE CONFIDENTIALIT\u00c9\"}]},{\"@type\":\"WebSite\",\"@id\":\"https:\/\/4t8avocats.eu\/#website\",\"url\":\"https:\/\/4t8avocats.eu\/\",\"name\":\"4T8 Avocats\",\"description\":\"\",\"potentialAction\":[{\"@type\":\"SearchAction\",\"target\":{\"@type\":\"EntryPoint\",\"urlTemplate\":\"https:\/\/4t8avocats.eu\/?s={search_term_string}\"},\"query-input\":{\"@type\":\"PropertyValueSpecification\",\"valueRequired\":true,\"valueName\":\"search_term_string\"}}],\"inLanguage\":\"it-IT\"}]}<\/script>\n<!-- \/ Yoast SEO plugin. -->","yoast_head_json":{"title":"POLITIQUE DE CONFIDENTIALIT\u00c9 - 4T8 Avocats","robots":{"index":"index","follow":"follow","max-snippet":"max-snippet:-1","max-image-preview":"max-image-preview:large","max-video-preview":"max-video-preview:-1"},"canonical":"https:\/\/4t8avocats.eu\/it\/politique-de-confidentialite\/","og_locale":"it_IT","og_type":"article","og_title":"POLITIQUE DE CONFIDENTIALIT\u00c9 - 4T8 Avocats","og_description":"Politique de confidentialit\u00e9 Derni\u00e8re mise \u00e0 jour : juin 2025 Le pr\u00e9sent site internet est \u00e9dit\u00e9 par la SARL 4T8, [&hellip;]","og_url":"https:\/\/4t8avocats.eu\/it\/politique-de-confidentialite\/","og_site_name":"4T8 Avocats","article_modified_time":"2025-07-14T11:48:32+00:00","twitter_card":"summary_large_image","twitter_misc":{"Tempo di lettura stimato":"3 minuti"},"schema":{"@context":"https:\/\/schema.org","@graph":[{"@type":"WebPage","@id":"https:\/\/4t8avocats.eu\/politique-de-confidentialite\/","url":"https:\/\/4t8avocats.eu\/politique-de-confidentialite\/","name":"POLITIQUE DE CONFIDENTIALIT\u00c9 - 4T8 Avocats","isPartOf":{"@id":"https:\/\/4t8avocats.eu\/#website"},"datePublished":"2025-07-14T11:45:47+00:00","dateModified":"2025-07-14T11:48:32+00:00","breadcrumb":{"@id":"https:\/\/4t8avocats.eu\/politique-de-confidentialite\/#breadcrumb"},"inLanguage":"it-IT","potentialAction":[{"@type":"ReadAction","target":["https:\/\/4t8avocats.eu\/politique-de-confidentialite\/"]}]},{"@type":"BreadcrumbList","@id":"https:\/\/4t8avocats.eu\/politique-de-confidentialite\/#breadcrumb","itemListElement":[{"@type":"ListItem","position":1,"name":"Accueil","item":"https:\/\/4t8avocats.eu\/"},{"@type":"ListItem","position":2,"name":"POLITIQUE DE CONFIDENTIALIT\u00c9"}]},{"@type":"WebSite","@id":"https:\/\/4t8avocats.eu\/#website","url":"https:\/\/4t8avocats.eu\/","name":"4T8 Avocats","description":"","potentialAction":[{"@type":"SearchAction","target":{"@type":"EntryPoint","urlTemplate":"https:\/\/4t8avocats.eu\/?s={search_term_string}"},"query-input":{"@type":"PropertyValueSpecification","valueRequired":true,"valueName":"search_term_string"}}],"inLanguage":"it-IT"}]}},"_links":{"self":[{"href":"https:\/\/4t8avocats.eu\/it\/wp-json\/wp\/v2\/pages\/6043","targetHints":{"allow":["GET"]}}],"collection":[{"href":"https:\/\/4t8avocats.eu\/it\/wp-json\/wp\/v2\/pages"}],"about":[{"href":"https:\/\/4t8avocats.eu\/it\/wp-json\/wp\/v2\/types\/page"}],"author":[{"embeddable":true,"href":"https:\/\/4t8avocats.eu\/it\/wp-json\/wp\/v2\/users\/2"}],"replies":[{"embeddable":true,"href":"https:\/\/4t8avocats.eu\/it\/wp-json\/wp\/v2\/comments?post=6043"}],"version-history":[{"count":5,"href":"https:\/\/4t8avocats.eu\/it\/wp-json\/wp\/v2\/pages\/6043\/revisions"}],"predecessor-version":[{"id":6048,"href":"https:\/\/4t8avocats.eu\/it\/wp-json\/wp\/v2\/pages\/6043\/revisions\/6048"}],"wp:attachment":[{"href":"https:\/\/4t8avocats.eu\/it\/wp-json\/wp\/v2\/media?parent=6043"}],"curies":[{"name":"wp","href":"https:\/\/api.w.org\/{rel}","templated":true}]}}