{"id":5115,"date":"2025-07-11T17:20:34","date_gmt":"2025-07-11T15:20:34","guid":{"rendered":"https:\/\/4t8avocats.eu\/?page_id=5115"},"modified":"2026-01-22T11:30:06","modified_gmt":"2026-01-22T10:30:06","slug":"contact","status":"publish","type":"page","link":"https:\/\/4t8avocats.eu\/it\/contact\/","title":{"rendered":"CONTACT"},"content":{"rendered":"<div data-elementor-type=\"wp-page\" data-elementor-id=\"5115\" class=\"elementor elementor-5115\" data-elementor-post-type=\"page\">\n\t\t\t\t<div class=\"elementor-element elementor-element-0797904 e-con-full e-flex e-con e-parent\" data-id=\"0797904\" data-element_type=\"container\">\n\t\t\t\t<div class=\"elementor-element elementor-element-3224629 elementor-widget-divider--view-line elementor-widget elementor-widget-divider\" data-id=\"3224629\" data-element_type=\"widget\" data-widget_type=\"divider.default\">\n\t\t\t\t\t\t\t<div class=\"elementor-divider\">\n\t\t\t<span class=\"elementor-divider-separator\">\n\t\t\t\t\t\t<\/span>\n\t\t<\/div>\n\t\t\t\t\t\t<\/div>\n\t\t\t\t<div class=\"elementor-element elementor-element-85c8876 elementor-widget elementor-widget-spacer\" data-id=\"85c8876\" data-element_type=\"widget\" data-widget_type=\"spacer.default\">\n\t\t\t\t\t\t\t<div class=\"elementor-spacer\">\n\t\t\t<div class=\"elementor-spacer-inner\"><\/div>\n\t\t<\/div>\n\t\t\t\t\t\t<\/div>\n\t\t\t\t<div class=\"elementor-element elementor-element-4013abe elementor-widget elementor-widget-heading\" data-id=\"4013abe\" data-element_type=\"widget\" data-widget_type=\"heading.default\">\n\t\t\t\t\t<h1 class=\"elementor-heading-title elementor-size-default\">Contactez Ma\u00eetre Manuela de Ravel d\u2019Esclapon<\/h1>\t\t\t\t<\/div>\n\t\t\t\t<\/div>\n\t\t<div class=\"elementor-element elementor-element-d90d34d e-con-full e-flex e-con e-parent\" data-id=\"d90d34d\" data-element_type=\"container\">\n\t\t<div class=\"elementor-element elementor-element-f264fb1 e-con-full e-flex e-con e-child\" data-id=\"f264fb1\" data-element_type=\"container\">\n\t\t\t\t<div class=\"elementor-element elementor-element-af1b390 elementor-invisible elementor-widget elementor-widget-text-editor\" data-id=\"af1b390\" data-element_type=\"widget\" data-settings=\"{&quot;motion_fx_motion_fx_scrolling&quot;:&quot;yes&quot;,&quot;motion_fx_translateY_effect&quot;:&quot;yes&quot;,&quot;motion_fx_translateY_speed&quot;:{&quot;unit&quot;:&quot;px&quot;,&quot;size&quot;:2,&quot;sizes&quot;:[]},&quot;_animation&quot;:&quot;fadeIn&quot;,&quot;motion_fx_translateY_affectedRange&quot;:{&quot;unit&quot;:&quot;%&quot;,&quot;size&quot;:&quot;&quot;,&quot;sizes&quot;:{&quot;start&quot;:0,&quot;end&quot;:100}},&quot;motion_fx_devices&quot;:[&quot;desktop&quot;,&quot;tablet&quot;,&quot;mobile&quot;]}\" data-widget_type=\"text-editor.default\">\n\t\t\t\t\t\t\t\t\t<p><span style=\"font-weight: 400;\">Pour toute demande d\u2019information, de rendez-vous ou de collaboration, vous pouvez contacter Ma\u00eetre Manuela de Ravel d\u2019Esclapon par e-mail ou par t\u00e9l\u00e9phone : <\/span><\/p>\t\t\t\t\t\t\t\t<\/div>\n\t\t\t\t<\/div>\n\t\t<div class=\"elementor-element elementor-element-e7e28f7 e-con-full elementor-hidden-mobile e-flex e-con e-child\" data-id=\"e7e28f7\" data-element_type=\"container\">\n\t\t\t\t<\/div>\n\t\t\t\t<\/div>\n\t\t<div class=\"elementor-element elementor-element-f7fc922 e-con-full e-flex elementor-invisible e-con e-parent\" data-id=\"f7fc922\" data-element_type=\"container\" data-settings=\"{&quot;animation&quot;:&quot;fadeIn&quot;}\">\n\t\t<div class=\"elementor-element elementor-element-d355c2f e-con-full elementor-hidden-mobile e-flex e-con e-child\" data-id=\"d355c2f\" data-element_type=\"container\">\n\t\t\t\t<\/div>\n\t\t<div class=\"elementor-element elementor-element-8666f74 e-con-full e-flex e-con e-child\" data-id=\"8666f74\" data-element_type=\"container\">\n\t\t\t\t<div class=\"elementor-element elementor-element-8e3ec3b elementor-widget elementor-widget-text-editor\" data-id=\"8e3ec3b\" data-element_type=\"widget\" data-settings=\"{&quot;motion_fx_motion_fx_scrolling&quot;:&quot;yes&quot;,&quot;motion_fx_translateY_effect&quot;:&quot;yes&quot;,&quot;motion_fx_translateY_speed&quot;:{&quot;unit&quot;:&quot;px&quot;,&quot;size&quot;:2,&quot;sizes&quot;:[]},&quot;motion_fx_translateY_affectedRange&quot;:{&quot;unit&quot;:&quot;%&quot;,&quot;size&quot;:&quot;&quot;,&quot;sizes&quot;:{&quot;start&quot;:0,&quot;end&quot;:100}},&quot;motion_fx_devices&quot;:[&quot;desktop&quot;,&quot;tablet&quot;,&quot;mobile&quot;]}\" data-widget_type=\"text-editor.default\">\n\t\t\t\t\t\t\t\t\t<ul><li>manuela.deraveldesclapon@avocat.fr<\/li><li>07 69 98 42 54<\/li><\/ul><p>Le cabinet vous re\u00e7oit uniquement sur rendez-vous, dans les locaux \u00e0 Strasbourg, par t\u00e9l\u00e9phone ou en visio conf\u00e9rence<\/p>\t\t\t\t\t\t\t\t<\/div>\n\t\t\t\t<\/div>\n\t\t\t\t<\/div>\n\t\t<div class=\"elementor-element elementor-element-d08a7e7 e-con-full e-flex e-con e-parent\" data-id=\"d08a7e7\" data-element_type=\"container\">\n\t\t\t\t<div class=\"elementor-element elementor-element-4864e1b elementor-widget-divider--view-line elementor-widget elementor-widget-divider\" data-id=\"4864e1b\" data-element_type=\"widget\" data-widget_type=\"divider.default\">\n\t\t\t\t\t\t\t<div class=\"elementor-divider\">\n\t\t\t<span class=\"elementor-divider-separator\">\n\t\t\t\t\t\t<\/span>\n\t\t<\/div>\n\t\t\t\t\t\t<\/div>\n\t\t\t\t<div class=\"elementor-element elementor-element-b341565 elementor-widget elementor-widget-spacer\" data-id=\"b341565\" data-element_type=\"widget\" data-widget_type=\"spacer.default\">\n\t\t\t\t\t\t\t<div class=\"elementor-spacer\">\n\t\t\t<div class=\"elementor-spacer-inner\"><\/div>\n\t\t<\/div>\n\t\t\t\t\t\t<\/div>\n\t\t\t\t<div class=\"elementor-element elementor-element-c6973e7 elementor-widget elementor-widget-heading\" data-id=\"c6973e7\" data-element_type=\"widget\" data-widget_type=\"heading.default\">\n\t\t\t\t\t<h2 class=\"elementor-heading-title elementor-size-default\">Vous \u00eates un Confr\u00e8re ou une Cons\u0153ur ?<\/h2>\t\t\t\t<\/div>\n\t\t\t\t<\/div>\n\t\t<div class=\"elementor-element elementor-element-25fbc0a e-con-full e-flex e-con e-parent\" data-id=\"25fbc0a\" data-element_type=\"container\">\n\t\t<div class=\"elementor-element elementor-element-43be243 e-con-full e-flex e-con e-child\" data-id=\"43be243\" data-element_type=\"container\">\n\t\t\t\t<div class=\"elementor-element elementor-element-559e6a6 elementor-invisible elementor-widget elementor-widget-text-editor\" data-id=\"559e6a6\" data-element_type=\"widget\" data-settings=\"{&quot;motion_fx_motion_fx_scrolling&quot;:&quot;yes&quot;,&quot;motion_fx_translateY_effect&quot;:&quot;yes&quot;,&quot;motion_fx_translateY_speed&quot;:{&quot;unit&quot;:&quot;px&quot;,&quot;size&quot;:2,&quot;sizes&quot;:[]},&quot;_animation&quot;:&quot;fadeIn&quot;,&quot;motion_fx_translateY_affectedRange&quot;:{&quot;unit&quot;:&quot;%&quot;,&quot;size&quot;:&quot;&quot;,&quot;sizes&quot;:{&quot;start&quot;:0,&quot;end&quot;:100}},&quot;motion_fx_devices&quot;:[&quot;desktop&quot;,&quot;tablet&quot;,&quot;mobile&quot;]}\" data-widget_type=\"text-editor.default\">\n\t\t\t\t\t\t\t\t\t<p><span style=\"font-weight: 400;\">Ma\u00eetre de Ravel d\u2019Esclapon accompagne r\u00e9guli\u00e8rement ses Confr\u00e8res dans des dossiers \u00e0 dimension europ\u00e9enne ou internationale, notamment en mati\u00e8re de protection des droits fondamentaux.<\/span><\/p>\t\t\t\t\t\t\t\t<\/div>\n\t\t\t\t<\/div>\n\t\t<div class=\"elementor-element elementor-element-0675022 e-con-full elementor-hidden-mobile e-flex e-con e-child\" data-id=\"0675022\" data-element_type=\"container\">\n\t\t\t\t<\/div>\n\t\t\t\t<\/div>\n\t\t<div class=\"elementor-element elementor-element-7d31123 e-con-full e-flex elementor-invisible e-con e-parent\" data-id=\"7d31123\" data-element_type=\"container\" data-settings=\"{&quot;animation&quot;:&quot;fadeIn&quot;}\">\n\t\t<div class=\"elementor-element elementor-element-0b20699 e-con-full elementor-hidden-mobile e-flex e-con e-child\" data-id=\"0b20699\" data-element_type=\"container\">\n\t\t\t\t<\/div>\n\t\t<div class=\"elementor-element elementor-element-785b3e1 e-con-full e-flex e-con e-child\" data-id=\"785b3e1\" data-element_type=\"container\">\n\t\t\t\t<div class=\"elementor-element elementor-element-db1ae15 elementor-widget elementor-widget-text-editor\" data-id=\"db1ae15\" data-element_type=\"widget\" data-settings=\"{&quot;motion_fx_motion_fx_scrolling&quot;:&quot;yes&quot;,&quot;motion_fx_translateY_effect&quot;:&quot;yes&quot;,&quot;motion_fx_translateY_speed&quot;:{&quot;unit&quot;:&quot;px&quot;,&quot;size&quot;:2,&quot;sizes&quot;:[]},&quot;motion_fx_translateY_affectedRange&quot;:{&quot;unit&quot;:&quot;%&quot;,&quot;size&quot;:&quot;&quot;,&quot;sizes&quot;:{&quot;start&quot;:0,&quot;end&quot;:100}},&quot;motion_fx_devices&quot;:[&quot;desktop&quot;,&quot;tablet&quot;,&quot;mobile&quot;]}\" data-widget_type=\"text-editor.default\">\n\t\t\t\t\t\t\t\t\t<p>Vous pouvez la contacter directement par e-mail ou par t\u00e9l\u00e9phone pour \u00e9voquer votre dossier et envisager une collaboration adapt\u00e9e \u00e0 vos besoins.<\/p>\t\t\t\t\t\t\t\t<\/div>\n\t\t\t\t<\/div>\n\t\t\t\t<\/div>\n\t\t\t\t<\/div>","protected":false},"excerpt":{"rendered":"<p>Contactez Ma\u00eetre Manuela de Ravel d\u2019Esclapon Pour toute demande d\u2019information, de rendez-vous ou de collaboration, vous pouvez contacter Ma\u00eetre Manuela [&hellip;]<\/p>","protected":false},"author":2,"featured_media":0,"parent":0,"menu_order":0,"comment_status":"closed","ping_status":"closed","template":"","meta":{"site-sidebar-layout":"no-sidebar","site-content-layout":"","ast-site-content-layout":"full-width-container","site-content-style":"default","site-sidebar-style":"default","ast-global-header-display":"","ast-banner-title-visibility":"","ast-main-header-display":"","ast-hfb-above-header-display":"","ast-hfb-below-header-display":"","ast-hfb-mobile-header-display":"","site-post-title":"disabled","ast-breadcrumbs-content":"","ast-featured-img":"disabled","footer-sml-layout":"","theme-transparent-header-meta":"","adv-header-id-meta":"","stick-header-meta":"","header-above-stick-meta":"","header-main-stick-meta":"","header-below-stick-meta":"","astra-migrate-meta-layouts":"default","ast-page-background-enabled":"default","ast-page-background-meta":{"desktop":{"background-color":"var(--ast-global-color-5)","background-image":"","background-repeat":"repeat","background-position":"center center","background-size":"auto","background-attachment":"scroll","background-type":"","background-media":"","overlay-type":"","overlay-color":"","overlay-opacity":"","overlay-gradient":""},"tablet":{"background-color":"","background-image":"","background-repeat":"repeat","background-position":"center center","background-size":"auto","background-attachment":"scroll","background-type":"","background-media":"","overlay-type":"","overlay-color":"","overlay-opacity":"","overlay-gradient":""},"mobile":{"background-color":"","background-image":"","background-repeat":"repeat","background-position":"center center","background-size":"auto","background-attachment":"scroll","background-type":"","background-media":"","overlay-type":"","overlay-color":"","overlay-opacity":"","overlay-gradient":""}},"ast-content-background-meta":{"desktop":{"background-color":"var(--ast-global-color-4)","background-image":"","background-repeat":"repeat","background-position":"center center","background-size":"auto","background-attachment":"scroll","background-type":"","background-media":"","overlay-type":"","overlay-color":"","overlay-opacity":"","overlay-gradient":""},"tablet":{"background-color":"var(--ast-global-color-4)","background-image":"","background-repeat":"repeat","background-position":"center center","background-size":"auto","background-attachment":"scroll","background-type":"","background-media":"","overlay-type":"","overlay-color":"","overlay-opacity":"","overlay-gradient":""},"mobile":{"background-color":"var(--ast-global-color-4)","background-image":"","background-repeat":"repeat","background-position":"center center","background-size":"auto","background-attachment":"scroll","background-type":"","background-media":"","overlay-type":"","overlay-color":"","overlay-opacity":"","overlay-gradient":""}},"footnotes":""},"class_list":["post-5115","page","type-page","status-publish","hentry"],"yoast_head":"<!-- This site is optimized with the Yoast SEO plugin v26.8 - https:\/\/yoast.com\/product\/yoast-seo-wordpress\/ -->\n<title>Contact Ma\u00eetre de Ravel d&#039;Esclapon - 4T8 Avocats<\/title>\n<meta name=\"description\" content=\"Contactez Ma\u00eetre de Ravel d&#039;Esclapon du cabinet 4T8 Avocats \u00e0 Strasbourg. Avocates en droit Fran\u00e7ais et en droit Europ\u00e9en\" \/>\n<meta name=\"robots\" content=\"index, follow, max-snippet:-1, max-image-preview:large, max-video-preview:-1\" \/>\n<link rel=\"canonical\" href=\"https:\/\/4t8avocats.eu\/it\/contact\/\" \/>\n<meta property=\"og:locale\" content=\"it_IT\" \/>\n<meta property=\"og:type\" content=\"article\" \/>\n<meta property=\"og:title\" content=\"Contact Ma\u00eetre de Ravel d&#039;Esclapon - 4T8 Avocats\" \/>\n<meta property=\"og:description\" content=\"Contactez Ma\u00eetre de Ravel d&#039;Esclapon du cabinet 4T8 Avocats \u00e0 Strasbourg. Avocates en droit Fran\u00e7ais et en droit Europ\u00e9en\" \/>\n<meta property=\"og:url\" content=\"https:\/\/4t8avocats.eu\/it\/contact\/\" \/>\n<meta property=\"og:site_name\" content=\"4T8 Avocats\" \/>\n<meta property=\"article:modified_time\" content=\"2026-01-22T10:30:06+00:00\" \/>\n<meta name=\"twitter:card\" content=\"summary_large_image\" \/>\n<meta name=\"twitter:label1\" content=\"Tempo di lettura stimato\" \/>\n\t<meta name=\"twitter:data1\" content=\"1 minuto\" \/>\n<script type=\"application\/ld+json\" class=\"yoast-schema-graph\">{\"@context\":\"https:\/\/schema.org\",\"@graph\":[{\"@type\":\"WebPage\",\"@id\":\"https:\/\/4t8avocats.eu\/contact\/\",\"url\":\"https:\/\/4t8avocats.eu\/contact\/\",\"name\":\"Contact Ma\u00eetre de Ravel d'Esclapon - 4T8 Avocats\",\"isPartOf\":{\"@id\":\"https:\/\/4t8avocats.eu\/#website\"},\"datePublished\":\"2025-07-11T15:20:34+00:00\",\"dateModified\":\"2026-01-22T10:30:06+00:00\",\"description\":\"Contactez Ma\u00eetre de Ravel d'Esclapon du cabinet 4T8 Avocats \u00e0 Strasbourg. Avocates en droit Fran\u00e7ais et en droit Europ\u00e9en\",\"breadcrumb\":{\"@id\":\"https:\/\/4t8avocats.eu\/contact\/#breadcrumb\"},\"inLanguage\":\"it-IT\",\"potentialAction\":[{\"@type\":\"ReadAction\",\"target\":[\"https:\/\/4t8avocats.eu\/contact\/\"]}]},{\"@type\":\"BreadcrumbList\",\"@id\":\"https:\/\/4t8avocats.eu\/contact\/#breadcrumb\",\"itemListElement\":[{\"@type\":\"ListItem\",\"position\":1,\"name\":\"Accueil\",\"item\":\"https:\/\/4t8avocats.eu\/\"},{\"@type\":\"ListItem\",\"position\":2,\"name\":\"CONTACT\"}]},{\"@type\":\"WebSite\",\"@id\":\"https:\/\/4t8avocats.eu\/#website\",\"url\":\"https:\/\/4t8avocats.eu\/\",\"name\":\"4T8 Avocats\",\"description\":\"\",\"potentialAction\":[{\"@type\":\"SearchAction\",\"target\":{\"@type\":\"EntryPoint\",\"urlTemplate\":\"https:\/\/4t8avocats.eu\/?s={search_term_string}\"},\"query-input\":{\"@type\":\"PropertyValueSpecification\",\"valueRequired\":true,\"valueName\":\"search_term_string\"}}],\"inLanguage\":\"it-IT\"}]}<\/script>\n<!-- \/ Yoast SEO plugin. -->","yoast_head_json":{"title":"Contact Ma\u00eetre de Ravel d'Esclapon - 4T8 Avocats","description":"Contactez Ma\u00eetre de Ravel d'Esclapon du cabinet 4T8 Avocats \u00e0 Strasbourg. Avocates en droit Fran\u00e7ais et en droit Europ\u00e9en","robots":{"index":"index","follow":"follow","max-snippet":"max-snippet:-1","max-image-preview":"max-image-preview:large","max-video-preview":"max-video-preview:-1"},"canonical":"https:\/\/4t8avocats.eu\/it\/contact\/","og_locale":"it_IT","og_type":"article","og_title":"Contact Ma\u00eetre de Ravel d'Esclapon - 4T8 Avocats","og_description":"Contactez Ma\u00eetre de Ravel d'Esclapon du cabinet 4T8 Avocats \u00e0 Strasbourg. Avocates en droit Fran\u00e7ais et en droit Europ\u00e9en","og_url":"https:\/\/4t8avocats.eu\/it\/contact\/","og_site_name":"4T8 Avocats","article_modified_time":"2026-01-22T10:30:06+00:00","twitter_card":"summary_large_image","twitter_misc":{"Tempo di lettura stimato":"1 minuto"},"schema":{"@context":"https:\/\/schema.org","@graph":[{"@type":"WebPage","@id":"https:\/\/4t8avocats.eu\/contact\/","url":"https:\/\/4t8avocats.eu\/contact\/","name":"Contact Ma\u00eetre de Ravel d'Esclapon - 4T8 Avocats","isPartOf":{"@id":"https:\/\/4t8avocats.eu\/#website"},"datePublished":"2025-07-11T15:20:34+00:00","dateModified":"2026-01-22T10:30:06+00:00","description":"Contactez Ma\u00eetre de Ravel d'Esclapon du cabinet 4T8 Avocats \u00e0 Strasbourg. Avocates en droit Fran\u00e7ais et en droit Europ\u00e9en","breadcrumb":{"@id":"https:\/\/4t8avocats.eu\/contact\/#breadcrumb"},"inLanguage":"it-IT","potentialAction":[{"@type":"ReadAction","target":["https:\/\/4t8avocats.eu\/contact\/"]}]},{"@type":"BreadcrumbList","@id":"https:\/\/4t8avocats.eu\/contact\/#breadcrumb","itemListElement":[{"@type":"ListItem","position":1,"name":"Accueil","item":"https:\/\/4t8avocats.eu\/"},{"@type":"ListItem","position":2,"name":"CONTACT"}]},{"@type":"WebSite","@id":"https:\/\/4t8avocats.eu\/#website","url":"https:\/\/4t8avocats.eu\/","name":"4T8 Avocats","description":"","potentialAction":[{"@type":"SearchAction","target":{"@type":"EntryPoint","urlTemplate":"https:\/\/4t8avocats.eu\/?s={search_term_string}"},"query-input":{"@type":"PropertyValueSpecification","valueRequired":true,"valueName":"search_term_string"}}],"inLanguage":"it-IT"}]}},"_links":{"self":[{"href":"https:\/\/4t8avocats.eu\/it\/wp-json\/wp\/v2\/pages\/5115","targetHints":{"allow":["GET"]}}],"collection":[{"href":"https:\/\/4t8avocats.eu\/it\/wp-json\/wp\/v2\/pages"}],"about":[{"href":"https:\/\/4t8avocats.eu\/it\/wp-json\/wp\/v2\/types\/page"}],"author":[{"embeddable":true,"href":"https:\/\/4t8avocats.eu\/it\/wp-json\/wp\/v2\/users\/2"}],"replies":[{"embeddable":true,"href":"https:\/\/4t8avocats.eu\/it\/wp-json\/wp\/v2\/comments?post=5115"}],"version-history":[{"count":34,"href":"https:\/\/4t8avocats.eu\/it\/wp-json\/wp\/v2\/pages\/5115\/revisions"}],"predecessor-version":[{"id":6330,"href":"https:\/\/4t8avocats.eu\/it\/wp-json\/wp\/v2\/pages\/5115\/revisions\/6330"}],"wp:attachment":[{"href":"https:\/\/4t8avocats.eu\/it\/wp-json\/wp\/v2\/media?parent=5115"}],"curies":[{"name":"wp","href":"https:\/\/api.w.org\/{rel}","templated":true}]}}