{"id":5111,"date":"2025-07-11T17:20:05","date_gmt":"2025-07-11T15:20:05","guid":{"rendered":"https:\/\/4t8avocats.eu\/?page_id=5111"},"modified":"2025-07-24T18:44:16","modified_gmt":"2025-07-24T16:44:16","slug":"honoraires-avocat","status":"publish","type":"page","link":"https:\/\/4t8avocats.eu\/it\/honoraires-avocat\/","title":{"rendered":"HONORAIRES"},"content":{"rendered":"<div data-elementor-type=\"wp-page\" data-elementor-id=\"5111\" class=\"elementor elementor-5111\" data-elementor-post-type=\"page\">\n\t\t\t\t<div class=\"elementor-element elementor-element-5d31f5c e-con-full e-flex e-con e-parent\" data-id=\"5d31f5c\" data-element_type=\"container\" data-settings=\"{&quot;background_background&quot;:&quot;classic&quot;}\">\n\t\t\t\t<div class=\"elementor-element elementor-element-f566d5b elementor-widget elementor-widget-heading\" data-id=\"f566d5b\" data-element_type=\"widget\" data-widget_type=\"heading.default\">\n\t\t\t\t\t<h1 class=\"elementor-heading-title elementor-size-default\">Honoraires avocat <br> Ma\u00eetre de Ravel d'Esclapon<\/h1>\t\t\t\t<\/div>\n\t\t\t\t<\/div>\n\t\t<div class=\"elementor-element elementor-element-57d4fa4 e-con-full e-flex e-con e-parent\" data-id=\"57d4fa4\" data-element_type=\"container\">\n\t\t<div class=\"elementor-element elementor-element-41b4516 e-con-full e-flex e-con e-child\" data-id=\"41b4516\" data-element_type=\"container\">\n\t\t\t\t<div class=\"elementor-element elementor-element-a4e20f6 elementor-invisible elementor-widget elementor-widget-text-editor\" data-id=\"a4e20f6\" data-element_type=\"widget\" data-settings=\"{&quot;motion_fx_motion_fx_scrolling&quot;:&quot;yes&quot;,&quot;motion_fx_translateY_effect&quot;:&quot;yes&quot;,&quot;motion_fx_translateY_speed&quot;:{&quot;unit&quot;:&quot;px&quot;,&quot;size&quot;:1,&quot;sizes&quot;:[]},&quot;_animation&quot;:&quot;fadeIn&quot;,&quot;motion_fx_translateY_affectedRange&quot;:{&quot;unit&quot;:&quot;%&quot;,&quot;size&quot;:&quot;&quot;,&quot;sizes&quot;:{&quot;start&quot;:0,&quot;end&quot;:100}},&quot;motion_fx_devices&quot;:[&quot;desktop&quot;,&quot;tablet&quot;,&quot;mobile&quot;]}\" data-widget_type=\"text-editor.default\">\n\t\t\t\t\t\t\t\t\t<p><span style=\"font-weight: 400;\">Transparence, adaptation et clart\u00e9 <br \/><\/span><span style=\"font-weight: 400;\">d\u00e8s le premier \u00e9change<\/span><\/p>\t\t\t\t\t\t\t\t<\/div>\n\t\t\t\t<\/div>\n\t\t<div class=\"elementor-element elementor-element-f0374a2 e-con-full elementor-hidden-mobile e-flex e-con e-child\" data-id=\"f0374a2\" data-element_type=\"container\">\n\t\t\t\t<\/div>\n\t\t\t\t<\/div>\n\t\t<div class=\"elementor-element elementor-element-5d3a3ce e-con-full e-flex e-con e-parent\" data-id=\"5d3a3ce\" data-element_type=\"container\">\n\t\t\t\t<div class=\"elementor-element elementor-element-7fec3be elementor-widget elementor-widget-n-accordion\" data-id=\"7fec3be\" data-element_type=\"widget\" data-settings=\"{&quot;default_state&quot;:&quot;expanded&quot;,&quot;max_items_expended&quot;:&quot;one&quot;,&quot;n_accordion_animation_duration&quot;:{&quot;unit&quot;:&quot;ms&quot;,&quot;size&quot;:400,&quot;sizes&quot;:[]}}\" data-widget_type=\"nested-accordion.default\">\n\t\t\t\t\t\t\t<div class=\"e-n-accordion\" aria-label=\"Accordion. Open links with Enter or Space, close with Escape, and navigate with Arrow Keys\">\n\t\t\t\t\t\t<details id=\"e-n-accordion-item-1340\" class=\"e-n-accordion-item\" open>\n\t\t\t\t<summary class=\"e-n-accordion-item-title\" data-accordion-index=\"1\" tabindex=\"0\" aria-expanded=\"true\" aria-controls=\"e-n-accordion-item-1340\" >\n\t\t\t\t\t<span class='e-n-accordion-item-title-header'><div class=\"e-n-accordion-item-title-text\"> Une approche personnalis\u00e9e des honoraires <\/div><\/span>\n\t\t\t\t\t\t\t<span class='e-n-accordion-item-title-icon'>\n\t\t\t<span class='e-opened' ><svg xmlns=\"http:\/\/www.w3.org\/2000\/svg\" width=\"110\" height=\"110\" viewbox=\"0 0 110 110\" fill=\"none\"><line x1=\"55.5\" y1=\"2.18557e-08\" x2=\"55.5\" y2=\"110\" stroke=\"black\"><\/line><line y1=\"54.5\" x2=\"110\" y2=\"54.5\" stroke=\"black\"><\/line><\/svg><\/span>\n\t\t\t<span class='e-closed'><svg xmlns=\"http:\/\/www.w3.org\/2000\/svg\" width=\"110\" height=\"110\" viewbox=\"0 0 110 110\" fill=\"none\"><line x1=\"55.5\" y1=\"2.18557e-08\" x2=\"55.5\" y2=\"110\" stroke=\"black\"><\/line><line y1=\"54.5\" x2=\"110\" y2=\"54.5\" stroke=\"black\"><\/line><\/svg><\/span>\n\t\t<\/span>\n\n\t\t\t\t\t\t<\/summary>\n\t\t\t\t<div role=\"region\" aria-labelledby=\"e-n-accordion-item-1340\" class=\"elementor-element elementor-element-51ad0ee e-con-full e-flex e-con e-child\" data-id=\"51ad0ee\" data-element_type=\"container\">\n\t\t\t\t<div class=\"elementor-element elementor-element-8556235 elementor-widget elementor-widget-text-editor\" data-id=\"8556235\" data-element_type=\"widget\" data-widget_type=\"text-editor.default\">\n\t\t\t\t\t\t\t\t\t<p>Ma\u00eetre Manuela de Ravel d\u2019Esclapon attache une grande importance \u00e0 la transparence des honoraires. Avant toute proc\u00e9dure, un document est \u00e9tabli pour que vous puissiez conna\u00eetre avec pr\u00e9cision le co\u00fbt de l\u2019intervention. Aucune surprise : les modalit\u00e9s financi\u00e8res sont expliqu\u00e9es avec clart\u00e9, en fonction de la nature du dossier et des besoins exprim\u00e9s.<\/p>\t\t\t\t\t\t\t\t<\/div>\n\t\t\t\t<\/div>\n\t\t\t\t\t<\/details>\n\t\t\t\t\t\t<details id=\"e-n-accordion-item-1341\" class=\"e-n-accordion-item\" >\n\t\t\t\t<summary class=\"e-n-accordion-item-title\" data-accordion-index=\"2\" tabindex=\"-1\" aria-expanded=\"false\" aria-controls=\"e-n-accordion-item-1341\" >\n\t\t\t\t\t<span class='e-n-accordion-item-title-header'><div class=\"e-n-accordion-item-title-text\"> Un tarif horaire pour les rendez-vous <\/div><\/span>\n\t\t\t\t\t\t\t<span class='e-n-accordion-item-title-icon'>\n\t\t\t<span class='e-opened' ><svg xmlns=\"http:\/\/www.w3.org\/2000\/svg\" width=\"110\" height=\"110\" viewbox=\"0 0 110 110\" fill=\"none\"><line x1=\"55.5\" y1=\"2.18557e-08\" x2=\"55.5\" y2=\"110\" stroke=\"black\"><\/line><line y1=\"54.5\" x2=\"110\" y2=\"54.5\" stroke=\"black\"><\/line><\/svg><\/span>\n\t\t\t<span class='e-closed'><svg xmlns=\"http:\/\/www.w3.org\/2000\/svg\" width=\"110\" height=\"110\" viewbox=\"0 0 110 110\" fill=\"none\"><line x1=\"55.5\" y1=\"2.18557e-08\" x2=\"55.5\" y2=\"110\" stroke=\"black\"><\/line><line y1=\"54.5\" x2=\"110\" y2=\"54.5\" stroke=\"black\"><\/line><\/svg><\/span>\n\t\t<\/span>\n\n\t\t\t\t\t\t<\/summary>\n\t\t\t\t<div role=\"region\" aria-labelledby=\"e-n-accordion-item-1341\" class=\"elementor-element elementor-element-6cc2e17 e-con-full e-flex e-con e-child\" data-id=\"6cc2e17\" data-element_type=\"container\">\n\t\t\t\t<div class=\"elementor-element elementor-element-984bb0e elementor-widget elementor-widget-text-editor\" data-id=\"984bb0e\" data-element_type=\"widget\" data-widget_type=\"text-editor.default\">\n\t\t\t\t\t\t\t\t\t<p>Les rendez-vous au cabinet, en visioconf\u00e9rence ou par t\u00e9l\u00e9phone sont factur\u00e9s sur la base d\u2019un tarif horaire de 120 \u20ac TTC, sauf indication pr\u00e9alable contraire.<\/p>\t\t\t\t\t\t\t\t<\/div>\n\t\t\t\t<\/div>\n\t\t\t\t\t<\/details>\n\t\t\t\t\t\t<details id=\"e-n-accordion-item-1342\" class=\"e-n-accordion-item\" >\n\t\t\t\t<summary class=\"e-n-accordion-item-title\" data-accordion-index=\"3\" tabindex=\"-1\" aria-expanded=\"false\" aria-controls=\"e-n-accordion-item-1342\" >\n\t\t\t\t\t<span class='e-n-accordion-item-title-header'><div class=\"e-n-accordion-item-title-text\"> Une adaptation selon le dossier <\/div><\/span>\n\t\t\t\t\t\t\t<span class='e-n-accordion-item-title-icon'>\n\t\t\t<span class='e-opened' ><svg xmlns=\"http:\/\/www.w3.org\/2000\/svg\" width=\"110\" height=\"110\" viewbox=\"0 0 110 110\" fill=\"none\"><line x1=\"55.5\" y1=\"2.18557e-08\" x2=\"55.5\" y2=\"110\" stroke=\"black\"><\/line><line y1=\"54.5\" x2=\"110\" y2=\"54.5\" stroke=\"black\"><\/line><\/svg><\/span>\n\t\t\t<span class='e-closed'><svg xmlns=\"http:\/\/www.w3.org\/2000\/svg\" width=\"110\" height=\"110\" viewbox=\"0 0 110 110\" fill=\"none\"><line x1=\"55.5\" y1=\"2.18557e-08\" x2=\"55.5\" y2=\"110\" stroke=\"black\"><\/line><line y1=\"54.5\" x2=\"110\" y2=\"54.5\" stroke=\"black\"><\/line><\/svg><\/span>\n\t\t<\/span>\n\n\t\t\t\t\t\t<\/summary>\n\t\t\t\t<div role=\"region\" aria-labelledby=\"e-n-accordion-item-1342\" class=\"elementor-element elementor-element-9ed328c e-con-full e-flex e-con e-child\" data-id=\"9ed328c\" data-element_type=\"container\">\n\t\t\t\t<div class=\"elementor-element elementor-element-44b95a9 elementor-widget elementor-widget-text-editor\" data-id=\"44b95a9\" data-element_type=\"widget\" data-widget_type=\"text-editor.default\">\n\t\t\t\t\t\t\t\t\t<p>Les honoraires s&rsquo;adaptent au dossier et \u00e0 ses enjeux. Chaque situation demande une attention sp\u00e9cifique et un investissement en temps diff\u00e9rent. Le tarif s\u2019ajuste donc pour refl\u00e9ter au mieux la charge de travail \u00e0 fournir et pouvoir ainsi garantir une prestation de qualit\u00e9 pour chaque dossier.<\/p>\t\t\t\t\t\t\t\t<\/div>\n\t\t\t\t<\/div>\n\t\t\t\t\t<\/details>\n\t\t\t\t\t<\/div>\n\t\t\t\t\t\t<\/div>\n\t\t\t\t<\/div>\n\t\t<div class=\"elementor-element elementor-element-b2c2d39 e-con-full e-flex e-con e-parent\" data-id=\"b2c2d39\" data-element_type=\"container\">\n\t\t\t\t<div class=\"elementor-element elementor-element-00303bf elementor-widget-divider--view-line elementor-widget elementor-widget-divider\" data-id=\"00303bf\" data-element_type=\"widget\" data-widget_type=\"divider.default\">\n\t\t\t\t\t\t\t<div class=\"elementor-divider\">\n\t\t\t<span class=\"elementor-divider-separator\">\n\t\t\t\t\t\t<\/span>\n\t\t<\/div>\n\t\t\t\t\t\t<\/div>\n\t\t\t\t<div class=\"elementor-element elementor-element-a2a2762 elementor-widget elementor-widget-spacer\" data-id=\"a2a2762\" data-element_type=\"widget\" data-widget_type=\"spacer.default\">\n\t\t\t\t\t\t\t<div class=\"elementor-spacer\">\n\t\t\t<div class=\"elementor-spacer-inner\"><\/div>\n\t\t<\/div>\n\t\t\t\t\t\t<\/div>\n\t\t\t\t<div class=\"elementor-element elementor-element-039f754 elementor-widget elementor-widget-heading\" data-id=\"039f754\" data-element_type=\"widget\" data-widget_type=\"heading.default\">\n\t\t\t\t\t<h2 class=\"elementor-heading-title elementor-size-default\">Besoin d\u2019un devis ou d\u2019informations ?<\/h2>\t\t\t\t<\/div>\n\t\t\t\t<\/div>\n\t\t<div class=\"elementor-element elementor-element-8904cbc e-con-full e-flex e-con e-parent\" data-id=\"8904cbc\" data-element_type=\"container\">\n\t\t<div class=\"elementor-element elementor-element-ed6633f e-con-full e-flex e-con e-child\" data-id=\"ed6633f\" data-element_type=\"container\">\n\t\t\t\t<div class=\"elementor-element elementor-element-c586b34 elementor-invisible elementor-widget elementor-widget-text-editor\" data-id=\"c586b34\" data-element_type=\"widget\" data-settings=\"{&quot;motion_fx_motion_fx_scrolling&quot;:&quot;yes&quot;,&quot;motion_fx_translateY_effect&quot;:&quot;yes&quot;,&quot;motion_fx_translateY_speed&quot;:{&quot;unit&quot;:&quot;px&quot;,&quot;size&quot;:2,&quot;sizes&quot;:[]},&quot;_animation&quot;:&quot;fadeIn&quot;,&quot;motion_fx_translateY_affectedRange&quot;:{&quot;unit&quot;:&quot;%&quot;,&quot;size&quot;:&quot;&quot;,&quot;sizes&quot;:{&quot;start&quot;:0,&quot;end&quot;:100}},&quot;motion_fx_devices&quot;:[&quot;desktop&quot;,&quot;tablet&quot;,&quot;mobile&quot;]}\" data-widget_type=\"text-editor.default\">\n\t\t\t\t\t\t\t\t\t<p><span style=\"font-weight: 400;\">Pour toute question sur les honoraires ou pour obtenir une estimation personnalis\u00e9e, vous pouvez contacter Ma\u00eetre de Ravel d\u2019Esclapon via la page d\u00e9di\u00e9e.<\/span><\/p>\t\t\t\t\t\t\t\t<\/div>\n\t\t\t\t<div class=\"elementor-element elementor-element-4dd1d6c elementor-align-left elementor-widget elementor-widget-button\" data-id=\"4dd1d6c\" data-element_type=\"widget\" data-settings=\"{&quot;motion_fx_motion_fx_scrolling&quot;:&quot;yes&quot;,&quot;motion_fx_translateY_effect&quot;:&quot;yes&quot;,&quot;motion_fx_translateY_speed&quot;:{&quot;unit&quot;:&quot;px&quot;,&quot;size&quot;:2,&quot;sizes&quot;:[]},&quot;motion_fx_translateY_affectedRange&quot;:{&quot;unit&quot;:&quot;%&quot;,&quot;size&quot;:&quot;&quot;,&quot;sizes&quot;:{&quot;start&quot;:0,&quot;end&quot;:100}},&quot;motion_fx_devices&quot;:[&quot;desktop&quot;,&quot;tablet&quot;,&quot;mobile&quot;]}\" data-widget_type=\"button.default\">\n\t\t\t\t\t\t\t\t\t\t<a class=\"elementor-button elementor-button-link elementor-size-sm\" href=\"https:\/\/4t8avocats.eu\/it\/contact\/\">\n\t\t\t\t\t\t<span class=\"elementor-button-content-wrapper\">\n\t\t\t\t\t\t\t\t\t<span class=\"elementor-button-text\">Contact<\/span>\n\t\t\t\t\t<\/span>\n\t\t\t\t\t<\/a>\n\t\t\t\t\t\t\t\t<\/div>\n\t\t\t\t<\/div>\n\t\t<div class=\"elementor-element elementor-element-b3230c7 e-con-full elementor-hidden-mobile e-flex e-con e-child\" data-id=\"b3230c7\" data-element_type=\"container\">\n\t\t\t\t<\/div>\n\t\t\t\t<\/div>\n\t\t\t\t<\/div>","protected":false},"excerpt":{"rendered":"<p>Honoraires avocat Ma\u00eetre de Ravel d&rsquo;Esclapon Transparence, adaptation et clart\u00e9 d\u00e8s le premier \u00e9change Une approche personnalis\u00e9e des honoraires Ma\u00eetre [&hellip;]<\/p>","protected":false},"author":2,"featured_media":0,"parent":0,"menu_order":0,"comment_status":"closed","ping_status":"closed","template":"","meta":{"site-sidebar-layout":"no-sidebar","site-content-layout":"","ast-site-content-layout":"full-width-container","site-content-style":"default","site-sidebar-style":"default","ast-global-header-display":"","ast-banner-title-visibility":"","ast-main-header-display":"","ast-hfb-above-header-display":"","ast-hfb-below-header-display":"","ast-hfb-mobile-header-display":"","site-post-title":"disabled","ast-breadcrumbs-content":"","ast-featured-img":"disabled","footer-sml-layout":"","theme-transparent-header-meta":"","adv-header-id-meta":"","stick-header-meta":"","header-above-stick-meta":"","header-main-stick-meta":"","header-below-stick-meta":"","astra-migrate-meta-layouts":"default","ast-page-background-enabled":"default","ast-page-background-meta":{"desktop":{"background-color":"var(--ast-global-color-5)","background-image":"","background-repeat":"repeat","background-position":"center center","background-size":"auto","background-attachment":"scroll","background-type":"","background-media":"","overlay-type":"","overlay-color":"","overlay-opacity":"","overlay-gradient":""},"tablet":{"background-color":"","background-image":"","background-repeat":"repeat","background-position":"center center","background-size":"auto","background-attachment":"scroll","background-type":"","background-media":"","overlay-type":"","overlay-color":"","overlay-opacity":"","overlay-gradient":""},"mobile":{"background-color":"","background-image":"","background-repeat":"repeat","background-position":"center center","background-size":"auto","background-attachment":"scroll","background-type":"","background-media":"","overlay-type":"","overlay-color":"","overlay-opacity":"","overlay-gradient":""}},"ast-content-background-meta":{"desktop":{"background-color":"var(--ast-global-color-4)","background-image":"","background-repeat":"repeat","background-position":"center center","background-size":"auto","background-attachment":"scroll","background-type":"","background-media":"","overlay-type":"","overlay-color":"","overlay-opacity":"","overlay-gradient":""},"tablet":{"background-color":"var(--ast-global-color-4)","background-image":"","background-repeat":"repeat","background-position":"center center","background-size":"auto","background-attachment":"scroll","background-type":"","background-media":"","overlay-type":"","overlay-color":"","overlay-opacity":"","overlay-gradient":""},"mobile":{"background-color":"var(--ast-global-color-4)","background-image":"","background-repeat":"repeat","background-position":"center center","background-size":"auto","background-attachment":"scroll","background-type":"","background-media":"","overlay-type":"","overlay-color":"","overlay-opacity":"","overlay-gradient":""}},"footnotes":""},"class_list":["post-5111","page","type-page","status-publish","hentry"],"yoast_head":"<!-- This site is optimized with the Yoast SEO plugin v26.8 - https:\/\/yoast.com\/product\/yoast-seo-wordpress\/ -->\n<title>Honoraires avocat - Ma\u00eetre de Ravel d\u2019Esclapon<\/title>\n<meta name=\"description\" content=\"D\u00e9couvrez les honoraires de Ma\u00eetre Manuela de Ravel d\u2019Esclapon, avocate : tarif horaire, devis personnalis\u00e9.\" \/>\n<meta name=\"robots\" content=\"index, follow, max-snippet:-1, max-image-preview:large, max-video-preview:-1\" \/>\n<link rel=\"canonical\" href=\"https:\/\/4t8avocats.eu\/it\/honoraires-avocat\/\" \/>\n<meta property=\"og:locale\" content=\"it_IT\" \/>\n<meta property=\"og:type\" content=\"article\" \/>\n<meta property=\"og:title\" content=\"Honoraires avocat - Ma\u00eetre de Ravel d\u2019Esclapon\" \/>\n<meta property=\"og:description\" content=\"D\u00e9couvrez les honoraires de Ma\u00eetre Manuela de Ravel d\u2019Esclapon, avocate : tarif horaire, devis personnalis\u00e9.\" \/>\n<meta property=\"og:url\" content=\"https:\/\/4t8avocats.eu\/it\/honoraires-avocat\/\" \/>\n<meta property=\"og:site_name\" content=\"4T8 Avocats\" \/>\n<meta property=\"article:modified_time\" content=\"2025-07-24T16:44:16+00:00\" \/>\n<meta name=\"twitter:card\" content=\"summary_large_image\" \/>\n<meta name=\"twitter:label1\" content=\"Tempo di lettura stimato\" \/>\n\t<meta name=\"twitter:data1\" content=\"2 minuti\" \/>\n<script type=\"application\/ld+json\" class=\"yoast-schema-graph\">{\"@context\":\"https:\/\/schema.org\",\"@graph\":[{\"@type\":\"WebPage\",\"@id\":\"https:\/\/4t8avocats.eu\/honoraires-avocat\/\",\"url\":\"https:\/\/4t8avocats.eu\/honoraires-avocat\/\",\"name\":\"Honoraires avocat - Ma\u00eetre de Ravel d\u2019Esclapon\",\"isPartOf\":{\"@id\":\"https:\/\/4t8avocats.eu\/#website\"},\"datePublished\":\"2025-07-11T15:20:05+00:00\",\"dateModified\":\"2025-07-24T16:44:16+00:00\",\"description\":\"D\u00e9couvrez les honoraires de Ma\u00eetre Manuela de Ravel d\u2019Esclapon, avocate : tarif horaire, devis personnalis\u00e9.\",\"breadcrumb\":{\"@id\":\"https:\/\/4t8avocats.eu\/honoraires-avocat\/#breadcrumb\"},\"inLanguage\":\"it-IT\",\"potentialAction\":[{\"@type\":\"ReadAction\",\"target\":[\"https:\/\/4t8avocats.eu\/honoraires-avocat\/\"]}]},{\"@type\":\"BreadcrumbList\",\"@id\":\"https:\/\/4t8avocats.eu\/honoraires-avocat\/#breadcrumb\",\"itemListElement\":[{\"@type\":\"ListItem\",\"position\":1,\"name\":\"Accueil\",\"item\":\"https:\/\/4t8avocats.eu\/\"},{\"@type\":\"ListItem\",\"position\":2,\"name\":\"HONORAIRES\"}]},{\"@type\":\"WebSite\",\"@id\":\"https:\/\/4t8avocats.eu\/#website\",\"url\":\"https:\/\/4t8avocats.eu\/\",\"name\":\"4T8 Avocats\",\"description\":\"\",\"potentialAction\":[{\"@type\":\"SearchAction\",\"target\":{\"@type\":\"EntryPoint\",\"urlTemplate\":\"https:\/\/4t8avocats.eu\/?s={search_term_string}\"},\"query-input\":{\"@type\":\"PropertyValueSpecification\",\"valueRequired\":true,\"valueName\":\"search_term_string\"}}],\"inLanguage\":\"it-IT\"}]}<\/script>\n<!-- \/ Yoast SEO plugin. -->","yoast_head_json":{"title":"Honoraires avocat - Ma\u00eetre de Ravel d\u2019Esclapon","description":"D\u00e9couvrez les honoraires de Ma\u00eetre Manuela de Ravel d\u2019Esclapon, avocate : tarif horaire, devis personnalis\u00e9.","robots":{"index":"index","follow":"follow","max-snippet":"max-snippet:-1","max-image-preview":"max-image-preview:large","max-video-preview":"max-video-preview:-1"},"canonical":"https:\/\/4t8avocats.eu\/it\/honoraires-avocat\/","og_locale":"it_IT","og_type":"article","og_title":"Honoraires avocat - Ma\u00eetre de Ravel d\u2019Esclapon","og_description":"D\u00e9couvrez les honoraires de Ma\u00eetre Manuela de Ravel d\u2019Esclapon, avocate : tarif horaire, devis personnalis\u00e9.","og_url":"https:\/\/4t8avocats.eu\/it\/honoraires-avocat\/","og_site_name":"4T8 Avocats","article_modified_time":"2025-07-24T16:44:16+00:00","twitter_card":"summary_large_image","twitter_misc":{"Tempo di lettura stimato":"2 minuti"},"schema":{"@context":"https:\/\/schema.org","@graph":[{"@type":"WebPage","@id":"https:\/\/4t8avocats.eu\/honoraires-avocat\/","url":"https:\/\/4t8avocats.eu\/honoraires-avocat\/","name":"Honoraires avocat - Ma\u00eetre de Ravel d\u2019Esclapon","isPartOf":{"@id":"https:\/\/4t8avocats.eu\/#website"},"datePublished":"2025-07-11T15:20:05+00:00","dateModified":"2025-07-24T16:44:16+00:00","description":"D\u00e9couvrez les honoraires de Ma\u00eetre Manuela de Ravel d\u2019Esclapon, avocate : tarif horaire, devis personnalis\u00e9.","breadcrumb":{"@id":"https:\/\/4t8avocats.eu\/honoraires-avocat\/#breadcrumb"},"inLanguage":"it-IT","potentialAction":[{"@type":"ReadAction","target":["https:\/\/4t8avocats.eu\/honoraires-avocat\/"]}]},{"@type":"BreadcrumbList","@id":"https:\/\/4t8avocats.eu\/honoraires-avocat\/#breadcrumb","itemListElement":[{"@type":"ListItem","position":1,"name":"Accueil","item":"https:\/\/4t8avocats.eu\/"},{"@type":"ListItem","position":2,"name":"HONORAIRES"}]},{"@type":"WebSite","@id":"https:\/\/4t8avocats.eu\/#website","url":"https:\/\/4t8avocats.eu\/","name":"4T8 Avocats","description":"","potentialAction":[{"@type":"SearchAction","target":{"@type":"EntryPoint","urlTemplate":"https:\/\/4t8avocats.eu\/?s={search_term_string}"},"query-input":{"@type":"PropertyValueSpecification","valueRequired":true,"valueName":"search_term_string"}}],"inLanguage":"it-IT"}]}},"_links":{"self":[{"href":"https:\/\/4t8avocats.eu\/it\/wp-json\/wp\/v2\/pages\/5111","targetHints":{"allow":["GET"]}}],"collection":[{"href":"https:\/\/4t8avocats.eu\/it\/wp-json\/wp\/v2\/pages"}],"about":[{"href":"https:\/\/4t8avocats.eu\/it\/wp-json\/wp\/v2\/types\/page"}],"author":[{"embeddable":true,"href":"https:\/\/4t8avocats.eu\/it\/wp-json\/wp\/v2\/users\/2"}],"replies":[{"embeddable":true,"href":"https:\/\/4t8avocats.eu\/it\/wp-json\/wp\/v2\/comments?post=5111"}],"version-history":[{"count":40,"href":"https:\/\/4t8avocats.eu\/it\/wp-json\/wp\/v2\/pages\/5111\/revisions"}],"predecessor-version":[{"id":6279,"href":"https:\/\/4t8avocats.eu\/it\/wp-json\/wp\/v2\/pages\/5111\/revisions\/6279"}],"wp:attachment":[{"href":"https:\/\/4t8avocats.eu\/it\/wp-json\/wp\/v2\/media?parent=5111"}],"curies":[{"name":"wp","href":"https:\/\/api.w.org\/{rel}","templated":true}]}}