{"id":2830,"date":"2019-02-26T09:55:52","date_gmt":"2019-02-26T08:55:52","guid":{"rendered":"http:\/\/4t8avocats.eu\/?page_id=2830"},"modified":"2025-07-14T13:44:34","modified_gmt":"2025-07-14T11:44:34","slug":"mentions-legales","status":"publish","type":"page","link":"https:\/\/4t8avocats.eu\/it\/mentions-legales\/","title":{"rendered":"Mentions l\u00e9gales"},"content":{"rendered":"<div data-elementor-type=\"wp-page\" data-elementor-id=\"2830\" class=\"elementor elementor-2830\" data-elementor-post-type=\"page\">\n\t\t\t\t<div class=\"elementor-element elementor-element-f8d0270 e-flex e-con-boxed e-con e-parent\" data-id=\"f8d0270\" data-element_type=\"container\">\n\t\t\t\t\t<div class=\"e-con-inner\">\n\t\t\t\t<div class=\"elementor-element elementor-element-ab278c0 elementor-invisible elementor-widget elementor-widget-text-editor\" data-id=\"ab278c0\" data-element_type=\"widget\" data-settings=\"{&quot;motion_fx_motion_fx_scrolling&quot;:&quot;yes&quot;,&quot;motion_fx_translateY_effect&quot;:&quot;yes&quot;,&quot;motion_fx_translateY_speed&quot;:{&quot;unit&quot;:&quot;px&quot;,&quot;size&quot;:2,&quot;sizes&quot;:[]},&quot;_animation&quot;:&quot;fadeIn&quot;,&quot;motion_fx_translateY_affectedRange&quot;:{&quot;unit&quot;:&quot;%&quot;,&quot;size&quot;:&quot;&quot;,&quot;sizes&quot;:{&quot;start&quot;:0,&quot;end&quot;:100}},&quot;motion_fx_devices&quot;:[&quot;desktop&quot;,&quot;tablet&quot;,&quot;mobile&quot;]}\" data-widget_type=\"text-editor.default\">\n\t\t\t\t\t\t\t\t\t<p><span style=\"font-weight: 400;\">Mentions l\u00e9gales<\/span><\/p>\t\t\t\t\t\t\t\t<\/div>\n\t\t\t\t\t<\/div>\n\t\t\t\t<\/div>\n\t\t<div class=\"elementor-element elementor-element-bc280c5 e-con-full e-flex elementor-invisible e-con e-parent\" data-id=\"bc280c5\" data-element_type=\"container\" data-settings=\"{&quot;animation&quot;:&quot;fadeIn&quot;}\">\n\t\t<div class=\"elementor-element elementor-element-b8c260c e-con-full e-flex e-con e-child\" data-id=\"b8c260c\" data-element_type=\"container\">\n\t\t\t\t<div class=\"elementor-element elementor-element-3f638bc elementor-widget elementor-widget-text-editor\" data-id=\"3f638bc\" data-element_type=\"widget\" data-settings=\"{&quot;motion_fx_motion_fx_scrolling&quot;:&quot;yes&quot;,&quot;motion_fx_translateY_effect&quot;:&quot;yes&quot;,&quot;motion_fx_translateY_speed&quot;:{&quot;unit&quot;:&quot;px&quot;,&quot;size&quot;:2,&quot;sizes&quot;:[]},&quot;motion_fx_translateY_affectedRange&quot;:{&quot;unit&quot;:&quot;%&quot;,&quot;size&quot;:&quot;&quot;,&quot;sizes&quot;:{&quot;start&quot;:0,&quot;end&quot;:100}},&quot;motion_fx_devices&quot;:[&quot;desktop&quot;,&quot;tablet&quot;,&quot;mobile&quot;]}\" data-widget_type=\"text-editor.default\">\n\t\t\t\t\t\t\t\t\t<p>Conform\u00e9ment \u00e0 la loi n\u00b02004-575 du 21 juin 2004 pour la confiance dans l\u2019\u00e9conomie num\u00e9rique (LCEN), il est pr\u00e9cis\u00e9 aux utilisateurs du site l\u2019identit\u00e9 des diff\u00e9rents intervenants dans le cadre de sa r\u00e9alisation et de son suivi.<\/p>\n<p><br \/><strong>\u00c9diteur du site<\/strong><br \/>Le pr\u00e9sent site est \u00e9dit\u00e9 par :<br \/>SELARL 4T8 &#8211; Cabinet de Ma\u00eetre Manuela de Ravel d\u2019Esclapon<br \/>Soci\u00e9t\u00e9 d\u2019exercice lib\u00e9ral \u00e0 responsabilit\u00e9 limit\u00e9e (SELARL)<br \/>SIREN : 834 439 960<br \/>SIRET : 834 439 960 00024<br \/>TVA intracommunautaire : FR55834439960<br \/>Code APE : 6910Z \u2013 Activit\u00e9s juridiques<br \/>Date de cr\u00e9ation : 09 janvier 2018<br \/>RCS Strasbourg<br \/>Adresse : 1, rue du travail-, 67000 Strasbourg, France<br \/>Responsable de la publication : Ma\u00eetre Manuela de Ravel d\u2019Esclapon<br \/>T\u00e9l\u00e9phone : 07 69 98 42 54<br \/>E-mail : manueladeravel@mreavocat.com<\/p>\n<p><br \/><strong>H\u00e9bergement du site<\/strong><br \/>Le site est h\u00e9berg\u00e9 par :<br \/>OVH<\/p>\n<p><br \/><strong>Propri\u00e9t\u00e9 intellectuelle<\/strong><br \/>L\u2019ensemble des contenus pr\u00e9sents sur ce site (textes, images, logo, structure, etc.) est la propri\u00e9t\u00e9 exclusive de Ma\u00eetre Manuela de Ravel d\u2019Esclapon.<br \/>Toute reproduction, repr\u00e9sentation, modification, publication, adaptation totale ou partielle des \u00e9l\u00e9ments de ce site, quel que soit le moyen ou le proc\u00e9d\u00e9 utilis\u00e9, est interdite sans l\u2019autorisation \u00e9crite pr\u00e9alable du cabinet.<\/p>\n<p><br \/><strong>Donn\u00e9es personnelles<\/strong><br \/>Aucune donn\u00e9e personnelle n\u2019est collect\u00e9e \u00e0 l\u2019insu des visiteurs du site.<br \/>Les donn\u00e9es \u00e9ventuellement transmises par e-mail sont utilis\u00e9es uniquement pour r\u00e9pondre aux demandes exprim\u00e9es.<br \/>Le site utilise Google Analytics afin de mesurer l\u2019audience et am\u00e9liorer l\u2019exp\u00e9rience utilisateur.<br \/>Une banni\u00e8re de consentement aux cookies est pr\u00e9sente sur le site via Complianz.<br \/>Conform\u00e9ment au R\u00e8glement g\u00e9n\u00e9ral sur la protection des donn\u00e9es (RGPD), vous disposez d\u2019un droit d\u2019acc\u00e8s, de rectification, de suppression et d\u2019opposition \u00e0 vos donn\u00e9es personnelles.<br \/>Pour exercer ces droits, vous pouvez contacter le cabinet \u00e0 l\u2019adresse suivante : manueladeravel@mreavocat.com<\/p>\n<p><br \/><strong>Clause de responsabilit\u00e9<\/strong><br \/>Les informations diffus\u00e9es sur ce site sont fournies \u00e0 titre informatif. Elles ne constituent en aucun cas un conseil juridique ou une consultation personnalis\u00e9e.<br \/>Le cabinet d\u00e9cline toute responsabilit\u00e9 quant aux \u00e9ventuelles inexactitudes ou omissions dans les contenus publi\u00e9s, ainsi qu\u2019\u00e0 l\u2019utilisation qui pourrait en \u00eatre faite.<\/p>\n<p><br \/><strong>Droit applicable<\/strong><br \/>Le pr\u00e9sent site est soumis au droit fran\u00e7ais.<br \/>En cas de litige, les juridictions comp\u00e9tentes sont celles de Strasbourg (67).<\/p>\t\t\t\t\t\t\t\t<\/div>\n\t\t\t\t<div class=\"elementor-element elementor-element-8bda2a1 elementor-align-left elementor-widget elementor-widget-button\" data-id=\"8bda2a1\" data-element_type=\"widget\" data-settings=\"{&quot;motion_fx_motion_fx_scrolling&quot;:&quot;yes&quot;,&quot;motion_fx_translateY_effect&quot;:&quot;yes&quot;,&quot;motion_fx_translateY_speed&quot;:{&quot;unit&quot;:&quot;px&quot;,&quot;size&quot;:2,&quot;sizes&quot;:[]},&quot;motion_fx_translateY_affectedRange&quot;:{&quot;unit&quot;:&quot;%&quot;,&quot;size&quot;:&quot;&quot;,&quot;sizes&quot;:{&quot;start&quot;:0,&quot;end&quot;:100}},&quot;motion_fx_devices&quot;:[&quot;desktop&quot;,&quot;tablet&quot;,&quot;mobile&quot;]}\" data-widget_type=\"button.default\">\n\t\t\t\t\t\t\t\t\t\t<a class=\"elementor-button elementor-button-link elementor-size-sm\" href=\"https:\/\/4t8avocats.eu\/it\/contact\/\">\n\t\t\t\t\t\t<span class=\"elementor-button-content-wrapper\">\n\t\t\t\t\t\t\t\t\t<span class=\"elementor-button-text\">Contact<\/span>\n\t\t\t\t\t<\/span>\n\t\t\t\t\t<\/a>\n\t\t\t\t\t\t\t\t<\/div>\n\t\t\t\t<\/div>\n\t\t\t\t<\/div>\n\t\t\t\t<\/div>","protected":false},"excerpt":{"rendered":"<p>Mentions l\u00e9gales Conform\u00e9ment \u00e0 la loi n\u00b02004-575 du 21 juin 2004 pour la confiance dans l\u2019\u00e9conomie num\u00e9rique (LCEN), il est [&hellip;]<\/p>","protected":false},"author":4,"featured_media":0,"parent":0,"menu_order":5,"comment_status":"closed","ping_status":"closed","template":"","meta":{"site-sidebar-layout":"default","site-content-layout":"","ast-site-content-layout":"default","site-content-style":"default","site-sidebar-style":"default","ast-global-header-display":"","ast-banner-title-visibility":"","ast-main-header-display":"","ast-hfb-above-header-display":"","ast-hfb-below-header-display":"","ast-hfb-mobile-header-display":"","site-post-title":"disabled","ast-breadcrumbs-content":"","ast-featured-img":"","footer-sml-layout":"","theme-transparent-header-meta":"","adv-header-id-meta":"","stick-header-meta":"","header-above-stick-meta":"","header-main-stick-meta":"","header-below-stick-meta":"","astra-migrate-meta-layouts":"default","ast-page-background-enabled":"default","ast-page-background-meta":{"desktop":{"background-color":"var(--ast-global-color-5)","background-image":"","background-repeat":"repeat","background-position":"center center","background-size":"auto","background-attachment":"scroll","background-type":"","background-media":"","overlay-type":"","overlay-color":"","overlay-opacity":"","overlay-gradient":""},"tablet":{"background-color":"","background-image":"","background-repeat":"repeat","background-position":"center center","background-size":"auto","background-attachment":"scroll","background-type":"","background-media":"","overlay-type":"","overlay-color":"","overlay-opacity":"","overlay-gradient":""},"mobile":{"background-color":"","background-image":"","background-repeat":"repeat","background-position":"center center","background-size":"auto","background-attachment":"scroll","background-type":"","background-media":"","overlay-type":"","overlay-color":"","overlay-opacity":"","overlay-gradient":""}},"ast-content-background-meta":{"desktop":{"background-color":"var(--ast-global-color-4)","background-image":"","background-repeat":"repeat","background-position":"center center","background-size":"auto","background-attachment":"scroll","background-type":"","background-media":"","overlay-type":"","overlay-color":"","overlay-opacity":"","overlay-gradient":""},"tablet":{"background-color":"var(--ast-global-color-4)","background-image":"","background-repeat":"repeat","background-position":"center center","background-size":"auto","background-attachment":"scroll","background-type":"","background-media":"","overlay-type":"","overlay-color":"","overlay-opacity":"","overlay-gradient":""},"mobile":{"background-color":"var(--ast-global-color-4)","background-image":"","background-repeat":"repeat","background-position":"center center","background-size":"auto","background-attachment":"scroll","background-type":"","background-media":"","overlay-type":"","overlay-color":"","overlay-opacity":"","overlay-gradient":""}},"footnotes":""},"class_list":["post-2830","page","type-page","status-publish","hentry"],"yoast_head":"<!-- This site is optimized with the Yoast SEO plugin v26.8 - https:\/\/yoast.com\/product\/yoast-seo-wordpress\/ -->\n<title>Mentions l\u00e9gales - 4T8 Avocats<\/title>\n<meta name=\"robots\" content=\"index, follow, max-snippet:-1, max-image-preview:large, max-video-preview:-1\" \/>\n<link rel=\"canonical\" href=\"https:\/\/4t8avocats.eu\/it\/mentions-legales\/\" \/>\n<meta property=\"og:locale\" content=\"it_IT\" \/>\n<meta property=\"og:type\" content=\"article\" \/>\n<meta property=\"og:title\" content=\"Mentions l\u00e9gales - 4T8 Avocats\" \/>\n<meta property=\"og:description\" content=\"Mentions l\u00e9gales Conform\u00e9ment \u00e0 la loi n\u00b02004-575 du 21 juin 2004 pour la confiance dans l\u2019\u00e9conomie num\u00e9rique (LCEN), il est [&hellip;]\" \/>\n<meta property=\"og:url\" content=\"https:\/\/4t8avocats.eu\/it\/mentions-legales\/\" \/>\n<meta property=\"og:site_name\" content=\"4T8 Avocats\" \/>\n<meta property=\"article:modified_time\" content=\"2025-07-14T11:44:34+00:00\" \/>\n<meta name=\"twitter:card\" content=\"summary_large_image\" \/>\n<meta name=\"twitter:label1\" content=\"Tempo di lettura stimato\" \/>\n\t<meta name=\"twitter:data1\" content=\"2 minuti\" \/>\n<script type=\"application\/ld+json\" class=\"yoast-schema-graph\">{\"@context\":\"https:\/\/schema.org\",\"@graph\":[{\"@type\":\"WebPage\",\"@id\":\"https:\/\/4t8avocats.eu\/mentions-legales\/\",\"url\":\"https:\/\/4t8avocats.eu\/mentions-legales\/\",\"name\":\"Mentions l\u00e9gales - 4T8 Avocats\",\"isPartOf\":{\"@id\":\"https:\/\/4t8avocats.eu\/#website\"},\"datePublished\":\"2019-02-26T08:55:52+00:00\",\"dateModified\":\"2025-07-14T11:44:34+00:00\",\"breadcrumb\":{\"@id\":\"https:\/\/4t8avocats.eu\/mentions-legales\/#breadcrumb\"},\"inLanguage\":\"it-IT\",\"potentialAction\":[{\"@type\":\"ReadAction\",\"target\":[\"https:\/\/4t8avocats.eu\/mentions-legales\/\"]}]},{\"@type\":\"BreadcrumbList\",\"@id\":\"https:\/\/4t8avocats.eu\/mentions-legales\/#breadcrumb\",\"itemListElement\":[{\"@type\":\"ListItem\",\"position\":1,\"name\":\"Accueil\",\"item\":\"https:\/\/4t8avocats.eu\/\"},{\"@type\":\"ListItem\",\"position\":2,\"name\":\"Mentions l\u00e9gales\"}]},{\"@type\":\"WebSite\",\"@id\":\"https:\/\/4t8avocats.eu\/#website\",\"url\":\"https:\/\/4t8avocats.eu\/\",\"name\":\"4T8 Avocats\",\"description\":\"\",\"potentialAction\":[{\"@type\":\"SearchAction\",\"target\":{\"@type\":\"EntryPoint\",\"urlTemplate\":\"https:\/\/4t8avocats.eu\/?s={search_term_string}\"},\"query-input\":{\"@type\":\"PropertyValueSpecification\",\"valueRequired\":true,\"valueName\":\"search_term_string\"}}],\"inLanguage\":\"it-IT\"}]}<\/script>\n<!-- \/ Yoast SEO plugin. -->","yoast_head_json":{"title":"Mentions l\u00e9gales - 4T8 Avocats","robots":{"index":"index","follow":"follow","max-snippet":"max-snippet:-1","max-image-preview":"max-image-preview:large","max-video-preview":"max-video-preview:-1"},"canonical":"https:\/\/4t8avocats.eu\/it\/mentions-legales\/","og_locale":"it_IT","og_type":"article","og_title":"Mentions l\u00e9gales - 4T8 Avocats","og_description":"Mentions l\u00e9gales Conform\u00e9ment \u00e0 la loi n\u00b02004-575 du 21 juin 2004 pour la confiance dans l\u2019\u00e9conomie num\u00e9rique (LCEN), il est [&hellip;]","og_url":"https:\/\/4t8avocats.eu\/it\/mentions-legales\/","og_site_name":"4T8 Avocats","article_modified_time":"2025-07-14T11:44:34+00:00","twitter_card":"summary_large_image","twitter_misc":{"Tempo di lettura stimato":"2 minuti"},"schema":{"@context":"https:\/\/schema.org","@graph":[{"@type":"WebPage","@id":"https:\/\/4t8avocats.eu\/mentions-legales\/","url":"https:\/\/4t8avocats.eu\/mentions-legales\/","name":"Mentions l\u00e9gales - 4T8 Avocats","isPartOf":{"@id":"https:\/\/4t8avocats.eu\/#website"},"datePublished":"2019-02-26T08:55:52+00:00","dateModified":"2025-07-14T11:44:34+00:00","breadcrumb":{"@id":"https:\/\/4t8avocats.eu\/mentions-legales\/#breadcrumb"},"inLanguage":"it-IT","potentialAction":[{"@type":"ReadAction","target":["https:\/\/4t8avocats.eu\/mentions-legales\/"]}]},{"@type":"BreadcrumbList","@id":"https:\/\/4t8avocats.eu\/mentions-legales\/#breadcrumb","itemListElement":[{"@type":"ListItem","position":1,"name":"Accueil","item":"https:\/\/4t8avocats.eu\/"},{"@type":"ListItem","position":2,"name":"Mentions l\u00e9gales"}]},{"@type":"WebSite","@id":"https:\/\/4t8avocats.eu\/#website","url":"https:\/\/4t8avocats.eu\/","name":"4T8 Avocats","description":"","potentialAction":[{"@type":"SearchAction","target":{"@type":"EntryPoint","urlTemplate":"https:\/\/4t8avocats.eu\/?s={search_term_string}"},"query-input":{"@type":"PropertyValueSpecification","valueRequired":true,"valueName":"search_term_string"}}],"inLanguage":"it-IT"}]}},"_links":{"self":[{"href":"https:\/\/4t8avocats.eu\/it\/wp-json\/wp\/v2\/pages\/2830","targetHints":{"allow":["GET"]}}],"collection":[{"href":"https:\/\/4t8avocats.eu\/it\/wp-json\/wp\/v2\/pages"}],"about":[{"href":"https:\/\/4t8avocats.eu\/it\/wp-json\/wp\/v2\/types\/page"}],"author":[{"embeddable":true,"href":"https:\/\/4t8avocats.eu\/it\/wp-json\/wp\/v2\/users\/4"}],"replies":[{"embeddable":true,"href":"https:\/\/4t8avocats.eu\/it\/wp-json\/wp\/v2\/comments?post=2830"}],"version-history":[{"count":29,"href":"https:\/\/4t8avocats.eu\/it\/wp-json\/wp\/v2\/pages\/2830\/revisions"}],"predecessor-version":[{"id":6042,"href":"https:\/\/4t8avocats.eu\/it\/wp-json\/wp\/v2\/pages\/2830\/revisions\/6042"}],"wp:attachment":[{"href":"https:\/\/4t8avocats.eu\/it\/wp-json\/wp\/v2\/media?parent=2830"}],"curies":[{"name":"wp","href":"https:\/\/api.w.org\/{rel}","templated":true}]}}